{"id":24803,"date":"2019-12-05T12:06:47","date_gmt":"2019-12-05T11:06:47","guid":{"rendered":"https:\/\/gasprime.pl\/oferta\/"},"modified":"2020-01-23T18:25:48","modified_gmt":"2020-01-23T17:25:48","slug":"offerte","status":"publish","type":"page","link":"https:\/\/gasprime.pl\/de\/offerte\/","title":{"rendered":"Offerte"},"content":{"rendered":"<p>[et_pb_section fb_built=&#8221;1&#8243; _builder_version=&#8221;3.25.3&#8243; background_image=&#8221;https:\/\/gasprime.pl\/wp-content\/uploads\/2019\/12\/DSC_9243.jpg&#8221; custom_padding=&#8221;151px||151px||true&#8221;][et_pb_row _builder_version=&#8221;3.25.3&#8243;][et_pb_column type=&#8221;4_4&#8243; _builder_version=&#8221;3.25.3&#8243;][et_pb_text _builder_version=&#8221;3.25.3&#8243; header_font=&#8221;|800|||||||&#8221; header_text_color=&#8221;#000000&#8243; header_font_size=&#8221;60px&#8221; header_text_shadow_style=&#8221;preset3&#8243; header_text_shadow_color=&#8221;#ffffff&#8221; header_2_font=&#8221;|800|||||||&#8221; header_2_text_color=&#8221;#3752ab&#8221; header_2_font_size=&#8221;21px&#8221; header_2_text_shadow_style=&#8221;preset3&#8243; header_2_text_shadow_color=&#8221;#ffffff&#8221;]<\/p>\n<h2>GASPRIME<\/h2>\n<h1><span>Offerte<\/span><\/h1>\n<p>[\/et_pb_text][\/et_pb_column][\/et_pb_row][\/et_pb_section][et_pb_section fb_built=&#8221;1&#8243; _builder_version=&#8221;3.25.3&#8243; custom_padding=&#8221;||2px|||&#8221;][et_pb_row column_structure=&#8221;1_2,1_2&#8243; _builder_version=&#8221;3.25.3&#8243;][et_pb_column type=&#8221;1_2&#8243; _builder_version=&#8221;3.25.3&#8243;][et_pb_text _builder_version=&#8221;3.25.3&#8243; header_font=&#8221;||||||||&#8221; header_2_font=&#8221;|700||on|||||&#8221; header_2_text_color=&#8221;#3752ab&#8221; header_2_font_size=&#8221;39px&#8221; border_width_left=&#8221;4px&#8221; border_color_left=&#8221;#e71a26&#8243;]<\/p>\n<h2>\u00a0\u00a0<span lang=\"de\">Dienstleistungen<\/span><\/h2>\n<p>[\/et_pb_text][et_pb_image src=&#8221;https:\/\/gasprime.pl\/wp-content\/uploads\/2019\/12\/IMG_5651.jpg&#8221; _builder_version=&#8221;3.25.3&#8243;][\/et_pb_image][\/et_pb_column][et_pb_column type=&#8221;1_2&#8243; _builder_version=&#8221;3.25.3&#8243;][et_pb_text _builder_version=&#8221;3.25.3&#8243; text_font=&#8221;|300|||||||&#8221; text_text_color=&#8221;#000000&#8243; text_font_size=&#8221;18px&#8221;]<\/p>\n<p><span>Wir bieten <strong>die Dienstleistungen im Rahmen von F\u00fcllungen der Aerosole<\/strong> f\u00fcr die individuelle Bestellung der Firmen aus verschiedenen Branchen. Wir sind imstande, fast jedes Aerosol streng nach den Kundenanforderungen zu produzieren. Wir sind offen auf die Bed\u00fcrfnisse und Ideen der potenziellen Kunden. Wir beraten Sie bei der Auswahl von Rezepturen, Verpackungen, Ventilen und Treibgasen. Auf Wunsch des Kunden helfen wir bei der Gestaltung des Etiketts und bieten einen Service f\u00fcr Etikettierung und Druck. Unsere Produkte erreichen Kunden in ganz Europa.<\/span><\/p>\n<p>[\/et_pb_text][et_pb_text _builder_version=&#8221;3.25.3&#8243; text_font=&#8221;|300|||||||&#8221; text_text_color=&#8221;#000000&#8243; text_font_size=&#8221;18px&#8221;]<\/p>\n<p><strong>Die Firma Gasprime produziert Gaskartuschen f\u00fcr Drahtstiftpressen und Bolzensetzger\u00e4te. <\/strong><\/p>\n<p><span>Die Drahtstiftpressen und Bolzensetzger\u00e4te sind einige der beliebtesten Ger\u00e4te f\u00fcr Benutzer, weil sie im Gegensatz zu pneumatischen Einrichtungen nicht an einen Kompressor angeschlossen werden m\u00fcssen, was ihnen eine gr\u00f6\u00dfere Beweglichkeit sichert. Sie werden mit Propanbutangas aus der Kartusche versorgt.<\/span><\/p>\n<p>[\/et_pb_text][\/et_pb_column][\/et_pb_row][et_pb_row column_structure=&#8221;3_5,2_5&#8243; _builder_version=&#8221;3.25.3&#8243;][et_pb_column type=&#8221;3_5&#8243; _builder_version=&#8221;3.25.3&#8243;][et_pb_text _builder_version=&#8221;3.25.3&#8243; text_font=&#8221;|300|||||||&#8221; text_text_color=&#8221;#000000&#8243; text_font_size=&#8221;18px&#8221;]<\/p>\n<p><span>In unserem Sortiment gibt es gasbefeuerte <strong>Gaskartuschen<\/strong>, die verschiedene Arten von Drahtstiftpressen und Bolzensetzger\u00e4ten sowohl f\u00fcr Holz als auch f\u00fcr Beton versorgen. Unsere Produkte sind kompatibel mit Produkten f\u00fchrender Hersteller. Je nach Ger\u00e4tetyp bieten wir verschiedene Gr\u00f6\u00dfen von Kartuschen mit einer H\u00f6he von 78, 100, 115, 152 und 165 mm (31,6 mm Durchmesser) an. Unser Produkt wird mit einem BOV-System (bag-on-valve) hergestellt. Dies ist eine innovative Technologie zur Produktion von Aerosolen, die die Verunreinigung des Produkts mit Treibmittel beseitigt. Au\u00dferdem erlaubt sie einen konstanten Druck und eine konstante Spr\u00fchkraft w\u00e4hrend der gesamten Lebensdauer der Kartusche aufrechtzuerhalten.<\/span><\/p>\n<p><span>Das Haupttreibgas ist eine Mischung von den hoch gereinigten Propan-Butan-Gasen, was die Entstehung von Verschmutzungen in der Maschine verhindert und die besten Arbeitsparameter garantiert.<\/span><\/p>\n<p>[\/et_pb_text][\/et_pb_column][et_pb_column type=&#8221;2_5&#8243; _builder_version=&#8221;3.25.3&#8243;][et_pb_text _builder_version=&#8221;3.25.3&#8243; header_font=&#8221;||||||||&#8221; header_2_font=&#8221;|700||on|||||&#8221; header_2_text_color=&#8221;#3752ab&#8221; header_2_font_size=&#8221;39px&#8221; border_width_left=&#8221;4px&#8221; border_color_left=&#8221;#e71a26&#8243;]<\/p>\n<h2>\u00a0<span>Gaskartuschen<\/span><\/h2>\n<p>[\/et_pb_text][et_pb_image src=&#8221;https:\/\/gasprime.pl\/wp-content\/uploads\/2019\/12\/IMG_5658.jpg&#8221; _builder_version=&#8221;3.25.3&#8243;][\/et_pb_image][\/et_pb_column][\/et_pb_row][\/et_pb_section][et_pb_section fb_built=&#8221;1&#8243; _builder_version=&#8221;3.25.3&#8243; background_video_mp4=&#8221;https:\/\/gasprime.pl\/wp-content\/uploads\/2019\/12\/DSC_9281.mp4&#8243; custom_padding=&#8221;||830px|||&#8221;][\/et_pb_section][et_pb_section fb_built=&#8221;1&#8243; make_equal=&#8221;on&#8221; use_custom_gutter=&#8221;on&#8221; gutter_width=&#8221;2&#8243; specialty=&#8221;on&#8221; _builder_version=&#8221;3.23.3&#8243; custom_padding=&#8221;0px|0px|0px|0px|true|false&#8221;][et_pb_column type=&#8221;1_2&#8243; specialty_columns=&#8221;2&#8243; _builder_version=&#8221;3.25&#8243; custom_padding=&#8221;|||&#8221; parallax__hover=&#8221;off&#8221; parallax_method__hover=&#8221;on&#8221; custom_padding__hover=&#8221;|||&#8221;][et_pb_row_inner column_structure=&#8221;1_2,1_2&#8243; use_custom_gutter=&#8221;on&#8221; gutter_width=&#8221;2&#8243; make_equal=&#8221;on&#8221; _builder_version=&#8221;3.25&#8243;][et_pb_column_inner type=&#8221;1_2&#8243; saved_specialty_column_type=&#8221;1_2&#8243; _builder_version=&#8221;3.25&#8243; custom_padding=&#8221;|||&#8221; parallax__hover=&#8221;off&#8221; parallax_method__hover=&#8221;on&#8221; custom_padding__hover=&#8221;|||&#8221;][et_pb_image src=&#8221;https:\/\/gasprime.pl\/wp-content\/uploads\/2019\/12\/IMG_5680.jpg&#8221; align_tablet=&#8221;center&#8221; align_last_edited=&#8221;on|desktop&#8221; _builder_version=&#8221;3.25.3&#8243;][\/et_pb_image][\/et_pb_column_inner][et_pb_column_inner type=&#8221;1_2&#8243; saved_specialty_column_type=&#8221;1_2&#8243; _builder_version=&#8221;3.25&#8243; custom_padding=&#8221;|||&#8221; parallax__hover=&#8221;off&#8221; parallax_method__hover=&#8221;on&#8221; custom_padding__hover=&#8221;|||&#8221;][et_pb_image src=&#8221;https:\/\/gasprime.pl\/wp-content\/uploads\/2019\/12\/IMG_5649.jpg&#8221; align_tablet=&#8221;center&#8221; align_last_edited=&#8221;on|desktop&#8221; _builder_version=&#8221;3.25.3&#8243; min_height=&#8221;184px&#8221;][\/et_pb_image][\/et_pb_column_inner][\/et_pb_row_inner][et_pb_row_inner custom_padding=&#8221;0|0px|31.0469px|0px|false|false&#8221; use_custom_gutter=&#8221;on&#8221; gutter_width=&#8221;2&#8243; make_equal=&#8221;on&#8221; _builder_version=&#8221;3.25&#8243; min_height=&#8221;354px&#8221;][et_pb_column_inner saved_specialty_column_type=&#8221;1_2&#8243; _builder_version=&#8221;3.25&#8243; custom_padding=&#8221;|||&#8221; parallax__hover=&#8221;off&#8221; parallax_method__hover=&#8221;on&#8221; custom_padding__hover=&#8221;|||&#8221;][et_pb_image src=&#8221;https:\/\/gasprime.pl\/wp-content\/uploads\/2019\/12\/DSC_9243.jpg&#8221; align_tablet=&#8221;center&#8221; align_last_edited=&#8221;on|desktop&#8221; _builder_version=&#8221;3.25.3&#8243;][\/et_pb_image][\/et_pb_column_inner][\/et_pb_row_inner][\/et_pb_column][et_pb_column type=&#8221;1_2&#8243; _builder_version=&#8221;3.25&#8243; custom_padding=&#8221;|||&#8221; parallax__hover=&#8221;off&#8221; parallax_method__hover=&#8221;on&#8221; custom_padding__hover=&#8221;|||&#8221;][et_pb_text _builder_version=&#8221;3.25.3&#8243; text_font=&#8221;|300|||||||&#8221; text_text_color=&#8221;#000000&#8243; text_font_size=&#8221;18px&#8221;]<\/p>\n<p><span>Das Treibmittel wird mit einem hochwertigen Maschinen\u00f6l angereichert, das die Maschine w\u00e4hrend jedes Schusses schmiert, was einen st\u00f6rungsfreien Betrieb w\u00e4hrend der gesamten Lebensdauer der Maschine erm\u00f6glicht. Die angebotenen Produkte zeichnen sich durch eine hohe Effizienz aus, was weniger Zeit f\u00fcr Umr\u00fcsten bedeutet.<\/span><\/p>\n<p><span>Jede Kartusche muss mit einem farblich codierten Spender versehen sein, der die Zufuhr einer angemessenen Menge an Treibgasen gew\u00e4hrleistet, die dem ordnungsgem\u00e4\u00dfen Betrieb des Ger\u00e4tetyps entspricht.<\/span><\/p>\n<p><span>Der Temperaturbereich von -5 bis +35 Grad, der den gew\u00fcnschten Druck des Treibgases sichert, erm\u00f6glicht die Verl\u00e4ngerung der Arbeitssaison.<\/span><\/p>\n<p><span><strong>Gasprime produziert unter der Kundenmarke die Pfeffersprays zum Schutz<\/strong>. Sie k\u00f6nnen in unterschiedlichen Konfigurationen hinsichtlich ihrer Arbeitsweise (geschlossener und gestreuter Fluss) und der Kapazit\u00e4t des Beh\u00e4lters vorbereitet werden.<\/span><\/p>\n<p>Oferujemy mo\u017cliwo\u015b\u0107 produkcji wyrob\u00f3w pod mark\u0105 Klienta, wed\u0142ug przekazanego nam projektu etykiety.<\/p>\n<p>&nbsp;<\/p>\n<p>[\/et_pb_text][\/et_pb_column][\/et_pb_section][et_pb_section fb_built=&#8221;1&#8243; _builder_version=&#8221;3.25.3&#8243; custom_padding=&#8221;0px||0px|||&#8221;][et_pb_row custom_padding=&#8221;0px|||||&#8221; _builder_version=&#8221;3.25.3&#8243;][et_pb_column type=&#8221;4_4&#8243; _builder_version=&#8221;3.25.3&#8243;][et_pb_text _builder_version=&#8221;3.25.3&#8243; text_font=&#8221;|300|||||||&#8221; text_text_color=&#8221;#000000&#8243; text_font_size=&#8221;18px&#8221;]<\/p>\n<p><span>Wir stellen hohe Sicherheitsstandards f\u00fcr unsere Produkte dank der Qualit\u00e4tskontrolle w\u00e4hrend und nach der Herstellung sicher. Moderne und zertifizierte Messger\u00e4te erm\u00f6glichen die genaue Kontrolle u. a. der Dichtigkeit der Kartuschen und der Widerstandsf\u00e4higkeit gegen unterschiedliche Temperaturen.<\/span><\/p>\n<p><span>Unsere Produkte sind nicht nur f\u00fcr den polnischen Markt, sondern auch f\u00fcr den europ\u00e4ischen Markt bestimmt.<\/span><\/p>\n<p>[\/et_pb_text][\/et_pb_column][\/et_pb_row][\/et_pb_section][et_pb_section fb_built=&#8221;1&#8243; _builder_version=&#8221;3.25.3&#8243; custom_padding=&#8221;8px|||||&#8221;][et_pb_row _builder_version=&#8221;3.25.3&#8243;][et_pb_column type=&#8221;4_4&#8243; _builder_version=&#8221;3.25.3&#8243;][et_pb_gallery gallery_ids=&#8221;20855,20852,20849,20837,20843,20771&#8243; posts_number=&#8221;7&#8243; show_title_and_caption=&#8221;off&#8221; show_pagination=&#8221;off&#8221; _builder_version=&#8221;3.25.3&#8243;][\/et_pb_gallery][\/et_pb_column][\/et_pb_row][\/et_pb_section]<\/p>\n","protected":false},"excerpt":{"rendered":"<p>[et_pb_section fb_built=&#8221;1&#8243; _builder_version=&#8221;3.25.3&#8243; background_image=&#8221;https:\/\/gasprime.pl\/wp-content\/uploads\/2019\/12\/DSC_9243.jpg&#8221; custom_padding=&#8221;151px||151px||true&#8221;][et_pb_row _builder_version=&#8221;3.25.3&#8243;][et_pb_column type=&#8221;4_4&#8243; _builder_version=&#8221;3.25.3&#8243;][et_pb_text _builder_version=&#8221;3.25.3&#8243; header_font=&#8221;|800|||||||&#8221; header_text_color=&#8221;#000000&#8243; header_font_size=&#8221;60px&#8221; header_text_shadow_style=&#8221;preset3&#8243; header_text_shadow_color=&#8221;#ffffff&#8221; header_2_font=&#8221;|800|||||||&#8221; header_2_text_color=&#8221;#3752ab&#8221; header_2_font_size=&#8221;21px&#8221; header_2_text_shadow_style=&#8221;preset3&#8243; header_2_text_shadow_color=&#8221;#ffffff&#8221;] GASPRIME Offerte [\/et_pb_text][\/et_pb_column][\/et_pb_row][\/et_pb_section][et_pb_section fb_built=&#8221;1&#8243; _builder_version=&#8221;3.25.3&#8243; custom_padding=&#8221;||2px|||&#8221;][et_pb_row column_structure=&#8221;1_2,1_2&#8243; _builder_version=&#8221;3.25.3&#8243;][et_pb_column type=&#8221;1_2&#8243; _builder_version=&#8221;3.25.3&#8243;][et_pb_text _builder_version=&#8221;3.25.3&#8243; header_font=&#8221;||||||||&#8221; header_2_font=&#8221;|700||on|||||&#8221; header_2_text_color=&#8221;#3752ab&#8221; header_2_font_size=&#8221;39px&#8221; border_width_left=&#8221;4px&#8221; border_color_left=&#8221;#e71a26&#8243;] \u00a0\u00a0Dienstleistungen [\/et_pb_text][et_pb_image src=&#8221;https:\/\/gasprime.pl\/wp-content\/uploads\/2019\/12\/IMG_5651.jpg&#8221; _builder_version=&#8221;3.25.3&#8243;][\/et_pb_image][\/et_pb_column][et_pb_column type=&#8221;1_2&#8243; _builder_version=&#8221;3.25.3&#8243;][et_pb_text _builder_version=&#8221;3.25.3&#8243; text_font=&#8221;|300|||||||&#8221; text_text_color=&#8221;#000000&#8243; text_font_size=&#8221;18px&#8221;] Wir bieten die Dienstleistungen im Rahmen von F\u00fcllungen der [&hellip;]<\/p>\n","protected":false},"author":1,"featured_media":0,"parent":0,"menu_order":0,"comment_status":"closed","ping_status":"closed","template":"","meta":{"_et_pb_use_builder":"on","_et_pb_old_content":"","_et_gb_content_width":""},"_links":{"self":[{"href":"https:\/\/gasprime.pl\/de\/wp-json\/wp\/v2\/pages\/24803"}],"collection":[{"href":"https:\/\/gasprime.pl\/de\/wp-json\/wp\/v2\/pages"}],"about":[{"href":"https:\/\/gasprime.pl\/de\/wp-json\/wp\/v2\/types\/page"}],"author":[{"embeddable":true,"href":"https:\/\/gasprime.pl\/de\/wp-json\/wp\/v2\/users\/1"}],"replies":[{"embeddable":true,"href":"https:\/\/gasprime.pl\/de\/wp-json\/wp\/v2\/comments?post=24803"}],"version-history":[{"count":4,"href":"https:\/\/gasprime.pl\/de\/wp-json\/wp\/v2\/pages\/24803\/revisions"}],"predecessor-version":[{"id":24846,"href":"https:\/\/gasprime.pl\/de\/wp-json\/wp\/v2\/pages\/24803\/revisions\/24846"}],"wp:attachment":[{"href":"https:\/\/gasprime.pl\/de\/wp-json\/wp\/v2\/media?parent=24803"}],"curies":[{"name":"wp","href":"https:\/\/api.w.org\/{rel}","templated":true}]}}