{"id":24804,"date":"2019-09-18T10:47:14","date_gmt":"2019-09-18T08:47:14","guid":{"rendered":"https:\/\/gasprime.pl\/o-nas\/"},"modified":"2020-07-27T12:58:28","modified_gmt":"2020-07-27T10:58:28","slug":"o-nas","status":"publish","type":"page","link":"https:\/\/gasprime.pl\/en\/o-nas\/","title":{"rendered":"O nas"},"content":{"rendered":"<p>[et_pb_section fb_built=&#8221;1&#8243; _builder_version=&#8221;3.25.3&#8243; background_image=&#8221;https:\/\/gasprime.pl\/wp-content\/uploads\/2019\/12\/IMG_5682.jpg&#8221; border_color_bottom=&#8221;#0FB3D6&#8243; custom_padding=&#8221;11%||11%||true|false&#8221; bottom_divider_height=&#8221;38px&#8221; bottom_divider_repeat=&#8221;4x&#8221;][et_pb_row column_structure=&#8221;1_2,1_2&#8243; use_custom_gutter=&#8221;on&#8221; gutter_width=&#8221;2&#8243; custom_padding=&#8221;||81px|||&#8221; make_equal=&#8221;on&#8221; _builder_version=&#8221;3.26.6&#8243; width=&#8221;92%&#8221; width_tablet=&#8221;90%&#8221; width_phone=&#8221;90%&#8221; width_last_edited=&#8221;on|tablet&#8221; max_width=&#8221;1170px&#8221; max_width_tablet=&#8221;90%&#8221; max_width_phone=&#8221;90%&#8221; max_width_last_edited=&#8221;on|phone&#8221; animation_style=&#8221;slide&#8221; animation_direction=&#8221;left&#8221;][et_pb_column type=&#8221;1_2&#8243; _builder_version=&#8221;3.26.6&#8243;][et_pb_text _builder_version=&#8221;3.25.3&#8243; text_font=&#8221;|600||on|||||&#8221; text_text_color=&#8221;#3752ab&#8221; text_letter_spacing=&#8221;2px&#8221; text_line_height=&#8221;1.3em&#8221; text_text_shadow_style=&#8221;preset3&#8243; text_text_shadow_color=&#8221;#ffffff&#8221; header_font=&#8221;Titillium Web|700|||||||&#8221; header_text_color=&#8221;#0E1215&#8243; header_font_size=&#8221;50px&#8221; header_line_height=&#8221;1.1em&#8221; max_width=&#8221;546px&#8221;]<\/p>\n<p>GasPrime\u00a0Fuell Cell<\/p>\n<p>[\/et_pb_text][et_pb_text _builder_version=&#8221;3.25.3&#8243; header_font=&#8221;|700|||||||&#8221; header_text_color=&#8221;#0E1215&#8243; header_font_size=&#8221;50px&#8221; header_line_height=&#8221;1.1em&#8221; max_width=&#8221;546px&#8221; max_width_phone=&#8221;70%&#8221; max_width_last_edited=&#8221;on|desktop&#8221; custom_margin_tablet=&#8221;-12px||||false|false&#8221; custom_margin_phone=&#8221;-10px||||false|false&#8221; custom_margin_last_edited=&#8221;on|desktop&#8221; header_font_size_phone=&#8221;30px&#8221; header_font_size_last_edited=&#8221;on|desktop&#8221;]<\/p>\n<h1>O nas<\/h1>\n<p>[\/et_pb_text][\/et_pb_column][et_pb_column type=&#8221;1_2&#8243; _builder_version=&#8221;3.26.6&#8243;][\/et_pb_column][\/et_pb_row][\/et_pb_section][et_pb_section fb_built=&#8221;1&#8243; _builder_version=&#8221;3.25.3&#8243; custom_padding=&#8221;||2px|||&#8221;][et_pb_row column_structure=&#8221;1_2,1_2&#8243; _builder_version=&#8221;3.25.3&#8243;][et_pb_column type=&#8221;1_2&#8243; _builder_version=&#8221;3.25.3&#8243;][et_pb_image src=&#8221;https:\/\/gasprime.pl\/wp-content\/uploads\/2019\/11\/logo-big.png&#8221; _builder_version=&#8221;3.25.3&#8243;][\/et_pb_image][\/et_pb_column][et_pb_column type=&#8221;1_2&#8243; _builder_version=&#8221;3.25.3&#8243;][et_pb_text text_font_size=&#8221;18px&#8221; _builder_version=&#8221;3.25.3&#8243; text_font=&#8221;|300|||||||&#8221; text_text_color=&#8221;#000000&#8243; header_font=&#8221;||||||||&#8221; header_text_color=&#8221;#3752ab&#8221; header_2_font=&#8221;|600|||||||&#8221; header_2_text_color=&#8221;#3752ab&#8221; custom_padding=&#8221;92px|||||&#8221;]<\/p>\n<p>Jeste\u015bmy cz\u0142onkiem\u00a0Polskiego Zwi\u0105zku Pracodawc\u00f3w Przemys\u0142u Aerozolowego.<\/p>\n<p>[\/et_pb_text][\/et_pb_column][\/et_pb_row][\/et_pb_section][et_pb_section fb_built=&#8221;1&#8243; _builder_version=&#8221;3.25.3&#8243; custom_padding=&#8221;29px|||||&#8221;][et_pb_row column_structure=&#8221;3_5,2_5&#8243; _builder_version=&#8221;3.25.3&#8243; custom_margin=&#8221;-3px|auto||auto||&#8221;][et_pb_column type=&#8221;3_5&#8243; _builder_version=&#8221;3.25.3&#8243;][et_pb_text _builder_version=&#8221;3.25.3&#8243; text_font=&#8221;|300|||||||&#8221; text_text_color=&#8221;#000000&#8243; text_font_size=&#8221;18px&#8221; header_font=&#8221;||||||||&#8221; header_text_color=&#8221;#3752ab&#8221; header_2_font=&#8221;|600|||||||&#8221; header_2_text_color=&#8221;#3752ab&#8221;]<\/p>\n<h2>Us\u0142ugowe nape\u0142nianie aerozoli<\/h2>\n<p>Firma Gasprime dzia\u0142a na rynku od 2016 roku.<\/p>\n<p>Jeste\u015bmy cz\u0142onkiem\u00a0<strong>Polskiego Zwi\u0105zku Pracodawc\u00f3w Przemys\u0142u Aerozolowego,\u00a0<\/strong>co daje nam mo\u017cliwo\u015b\u0107 sta\u0142ego rozwoju.<\/p>\n<p>Zajmujemy si\u0119 <strong>us\u0142ugowym nape\u0142nianiem aerozoli<\/strong> g\u0142\u00f3wnie dla producent\u00f3w chemii gospodarczej, motoryzacyjnej\u00a0i budowlanej, a tak\u017ce dla bran\u017cy obronnej.<\/p>\n<h2>Private label<\/h2>\n<p>Produkujemy pod mark\u0105 w\u0142asn\u0105 klient\u00f3w.<br \/> Pomagamy w doborze odpowiednich opakowa\u0144 oraz zawor\u00f3w.<br \/> Oferujemy specjalistyczne doradztwo w doborze komponent\u00f3w oraz profesjonalne\u00a0wsparcie techniczne.<br \/> Na \u017cyczenie klient\u00f3w\u00a0wykonujemy te\u017c us\u0142ug\u0119 etykietowania i druku.<\/p>\n<h2>Gazy do gwo\u017adziarek<\/h2>\n<p> G\u0142\u00f3wnym profilem naszej dzia\u0142alno\u015bci jest produkcja\u00a0 naboi gazowych do gwo\u017adziarek i osadzak\u00f3w.<br \/> Nasze naboje s\u0105 kompatybilne z popularnymi na rynku narz\u0119dziami\u00a0takich marek jak: Hilti, Hitachi, Essve, Rawlplug, Trutek, Smart.<br \/> Nasze produkty trafiaj\u0105 zar\u00f3wno na rynek polski i europejski.<br \/> Dzi\u0119ki wysoko wykwalifikowanej kadrze oraz nowoczesnemu parkowi maszyn produkcyjnych i urz\u0105dze\u0144 pomiarowych, tworzymy produkty bezpieczne, najwy\u017cszej jako\u015bci.<\/p>\n<p>[\/et_pb_text][\/et_pb_column][et_pb_column type=&#8221;2_5&#8243; _builder_version=&#8221;3.25.3&#8243;][et_pb_image src=&#8221;https:\/\/gasprime.pl\/wp-content\/uploads\/2019\/12\/IMG_5669.jpg&#8221; _builder_version=&#8221;3.25.3&#8243; max_height=&#8221;579px&#8221; animation_style=&#8221;flip&#8221; animation_duration=&#8221;1500ms&#8221;][\/et_pb_image][\/et_pb_column][\/et_pb_row][\/et_pb_section][et_pb_section fb_built=&#8221;1&#8243; _builder_version=&#8221;3.22.3&#8243; custom_padding=&#8221;0px||0px||true&#8221;][et_pb_row column_structure=&#8221;1_4,1_4,1_4,1_4&#8243; use_custom_gutter=&#8221;on&#8221; gutter_width=&#8221;1&#8243; custom_padding=&#8221;0px||0px|&#8221; module_class=&#8221; et_pb_row_fullwidth&#8221; _builder_version=&#8221;3.25.3&#8243; width=&#8221;100%&#8221; width_tablet=&#8221;100%&#8221; width_last_edited=&#8221;on|desktop&#8221; max_width=&#8221;100%&#8221; max_width_tablet=&#8221;100%&#8221; max_width_last_edited=&#8221;on|desktop&#8221; make_fullwidth=&#8221;on&#8221;][et_pb_column type=&#8221;1_4&#8243; _builder_version=&#8221;3.25&#8243; custom_padding=&#8221;|||&#8221; custom_padding__hover=&#8221;|||&#8221;][et_pb_image src=&#8221;https:\/\/gasprime.pl\/wp-content\/uploads\/2019\/12\/IMG_5674.jpg&#8221; show_in_lightbox=&#8221;on&#8221; use_overlay=&#8221;on&#8221; overlay_icon_color=&#8221;rgba(0,0,0,0)&#8221; hover_overlay_color=&#8221;rgba(0,0,0,0.22)&#8221; align_tablet=&#8221;center&#8221; align_last_edited=&#8221;on|desktop&#8221; _builder_version=&#8221;3.25.3&#8243; border_width_right=&#8221;1px&#8221; border_color_right=&#8221;#ffffff&#8221;][\/et_pb_image][\/et_pb_column][et_pb_column type=&#8221;1_4&#8243; _builder_version=&#8221;3.25&#8243; custom_padding=&#8221;|||&#8221; custom_padding__hover=&#8221;|||&#8221;][et_pb_image src=&#8221;https:\/\/gasprime.pl\/wp-content\/uploads\/2019\/12\/IMG_5675.jpg&#8221; show_in_lightbox=&#8221;on&#8221; use_overlay=&#8221;on&#8221; overlay_icon_color=&#8221;rgba(0,0,0,0)&#8221; hover_overlay_color=&#8221;rgba(0,0,0,0.22)&#8221; align_tablet=&#8221;center&#8221; align_last_edited=&#8221;on|desktop&#8221; _builder_version=&#8221;3.25.3&#8243; border_width_right=&#8221;1px&#8221; border_color_right=&#8221;#ffffff&#8221;][\/et_pb_image][\/et_pb_column][et_pb_column type=&#8221;1_4&#8243; _builder_version=&#8221;3.25&#8243; custom_padding=&#8221;|||&#8221; custom_padding__hover=&#8221;|||&#8221;][et_pb_image src=&#8221;https:\/\/gasprime.pl\/wp-content\/uploads\/2019\/12\/IMG_5657.jpg&#8221; show_in_lightbox=&#8221;on&#8221; use_overlay=&#8221;on&#8221; overlay_icon_color=&#8221;rgba(0,0,0,0)&#8221; hover_overlay_color=&#8221;rgba(0,0,0,0.22)&#8221; align_tablet=&#8221;center&#8221; align_last_edited=&#8221;on|desktop&#8221; _builder_version=&#8221;3.25.3&#8243; border_width_right=&#8221;1px&#8221; border_color_right=&#8221;#ffffff&#8221;][\/et_pb_image][\/et_pb_column][et_pb_column type=&#8221;1_4&#8243; _builder_version=&#8221;3.25&#8243; custom_padding=&#8221;|||&#8221; custom_padding__hover=&#8221;|||&#8221;][et_pb_image src=&#8221;https:\/\/gasprime.pl\/wp-content\/uploads\/2019\/12\/IMG_5661.jpg&#8221; show_in_lightbox=&#8221;on&#8221; use_overlay=&#8221;on&#8221; overlay_icon_color=&#8221;rgba(0,0,0,0)&#8221; hover_overlay_color=&#8221;rgba(0,0,0,0.22)&#8221; align_tablet=&#8221;center&#8221; align_last_edited=&#8221;on|desktop&#8221; _builder_version=&#8221;3.25.3&#8243; border_width_right=&#8221;1px&#8221; border_color_right=&#8221;#ffffff&#8221;][\/et_pb_image][\/et_pb_column][\/et_pb_row][\/et_pb_section]<\/p>\n","protected":false},"excerpt":{"rendered":"<p>[et_pb_section fb_built=&#8221;1&#8243; _builder_version=&#8221;3.25.3&#8243; background_image=&#8221;https:\/\/gasprime.pl\/wp-content\/uploads\/2019\/12\/IMG_5682.jpg&#8221; border_color_bottom=&#8221;#0FB3D6&#8243; custom_padding=&#8221;11%||11%||true|false&#8221; bottom_divider_height=&#8221;38px&#8221; bottom_divider_repeat=&#8221;4x&#8221;][et_pb_row column_structure=&#8221;1_2,1_2&#8243; use_custom_gutter=&#8221;on&#8221; gutter_width=&#8221;2&#8243; custom_padding=&#8221;||81px|||&#8221; make_equal=&#8221;on&#8221; _builder_version=&#8221;3.26.6&#8243; width=&#8221;92%&#8221; width_tablet=&#8221;90%&#8221; width_phone=&#8221;90%&#8221; width_last_edited=&#8221;on|tablet&#8221; max_width=&#8221;1170px&#8221; max_width_tablet=&#8221;90%&#8221; max_width_phone=&#8221;90%&#8221; max_width_last_edited=&#8221;on|phone&#8221; animation_style=&#8221;slide&#8221; animation_direction=&#8221;left&#8221;][et_pb_column type=&#8221;1_2&#8243; _builder_version=&#8221;3.26.6&#8243;][et_pb_text _builder_version=&#8221;3.25.3&#8243; text_font=&#8221;|600||on|||||&#8221; text_text_color=&#8221;#3752ab&#8221; text_letter_spacing=&#8221;2px&#8221; text_line_height=&#8221;1.3em&#8221; text_text_shadow_style=&#8221;preset3&#8243; text_text_shadow_color=&#8221;#ffffff&#8221; header_font=&#8221;Titillium Web|700|||||||&#8221; header_text_color=&#8221;#0E1215&#8243; header_font_size=&#8221;50px&#8221; header_line_height=&#8221;1.1em&#8221; max_width=&#8221;546px&#8221;] GasPrime\u00a0Fuell Cell [\/et_pb_text][et_pb_text _builder_version=&#8221;3.25.3&#8243; header_font=&#8221;|700|||||||&#8221; header_text_color=&#8221;#0E1215&#8243; header_font_size=&#8221;50px&#8221; header_line_height=&#8221;1.1em&#8221; max_width=&#8221;546px&#8221; max_width_phone=&#8221;70%&#8221; max_width_last_edited=&#8221;on|desktop&#8221; custom_margin_tablet=&#8221;-12px||||false|false&#8221; custom_margin_phone=&#8221;-10px||||false|false&#8221; custom_margin_last_edited=&#8221;on|desktop&#8221; header_font_size_phone=&#8221;30px&#8221; header_font_size_last_edited=&#8221;on|desktop&#8221;] [&hellip;]<\/p>\n","protected":false},"author":1,"featured_media":0,"parent":0,"menu_order":0,"comment_status":"closed","ping_status":"closed","template":"","meta":{"_et_pb_use_builder":"on","_et_pb_old_content":"","_et_gb_content_width":""},"_links":{"self":[{"href":"https:\/\/gasprime.pl\/en\/wp-json\/wp\/v2\/pages\/24804"}],"collection":[{"href":"https:\/\/gasprime.pl\/en\/wp-json\/wp\/v2\/pages"}],"about":[{"href":"https:\/\/gasprime.pl\/en\/wp-json\/wp\/v2\/types\/page"}],"author":[{"embeddable":true,"href":"https:\/\/gasprime.pl\/en\/wp-json\/wp\/v2\/users\/1"}],"replies":[{"embeddable":true,"href":"https:\/\/gasprime.pl\/en\/wp-json\/wp\/v2\/comments?post=24804"}],"version-history":[{"count":5,"href":"https:\/\/gasprime.pl\/en\/wp-json\/wp\/v2\/pages\/24804\/revisions"}],"predecessor-version":[{"id":24879,"href":"https:\/\/gasprime.pl\/en\/wp-json\/wp\/v2\/pages\/24804\/revisions\/24879"}],"wp:attachment":[{"href":"https:\/\/gasprime.pl\/en\/wp-json\/wp\/v2\/media?parent=24804"}],"curies":[{"name":"wp","href":"https:\/\/api.w.org\/{rel}","templated":true}]}}