{"id":24812,"date":"2019-09-02T11:54:32","date_gmt":"2019-09-02T09:54:32","guid":{"rendered":"https:\/\/gasprime.pl\/strona-glowna\/"},"modified":"2020-01-23T22:18:04","modified_gmt":"2020-01-23T21:18:04","slug":"homepage","status":"publish","type":"page","link":"https:\/\/gasprime.pl\/en\/","title":{"rendered":"Homepage"},"content":{"rendered":"<p>[et_pb_section fb_built=&#8221;1&#8243; disabled_on=&#8221;on|on|off&#8221; _builder_version=&#8221;3.25.3&#8243; use_background_color_gradient=&#8221;on&#8221; background_color_gradient_start=&#8221;rgba(0,0,0,0)&#8221; background_color_gradient_end=&#8221;rgba(0,0,0,0.46)&#8221; background_color_gradient_overlays_image=&#8221;on&#8221; background_position=&#8221;top_center&#8221; background_video_mp4=&#8221;https:\/\/gasprime.pl\/wp-content\/uploads\/2019\/12\/Sequence-1_Trim.mp4&#8243; border_color_bottom=&#8221;#0FB3D6&#8243; min_height=&#8221;823px&#8221; custom_padding=&#8221;8.3%||3%||false|false&#8221; bottom_divider_height=&#8221;27px&#8221;][et_pb_row column_structure=&#8221;1_2,1_2&#8243; use_custom_gutter=&#8221;on&#8221; gutter_width=&#8221;2&#8243; custom_padding=&#8221;||81px|||&#8221; make_equal=&#8221;on&#8221; _builder_version=&#8221;3.25.3&#8243; width=&#8221;92%&#8221; width_tablet=&#8221;90%&#8221; width_phone=&#8221;90%&#8221; width_last_edited=&#8221;on|tablet&#8221; max_width=&#8221;1170px&#8221; max_width_tablet=&#8221;90%&#8221; max_width_phone=&#8221;90%&#8221; max_width_last_edited=&#8221;on|phone&#8221; animation_style=&#8221;slide&#8221; animation_direction=&#8221;left&#8221;][et_pb_column type=&#8221;1_2&#8243; _builder_version=&#8221;3.26.6&#8243;][et_pb_text _builder_version=&#8221;3.25.3&#8243; text_font=&#8221;|600||on|||||&#8221; text_text_color=&#8221;#ffffff&#8221; text_font_size=&#8221;20px&#8221; text_letter_spacing=&#8221;2px&#8221; text_line_height=&#8221;1.3em&#8221; text_text_shadow_style=&#8221;preset3&#8243; text_text_shadow_color=&#8221;#000000&#8243; header_font=&#8221;Titillium Web|700|||||||&#8221; header_text_color=&#8221;#0E1215&#8243; header_font_size=&#8221;50px&#8221; header_line_height=&#8221;1.1em&#8221; max_width=&#8221;546px&#8221;]GasPrime&nbsp;Fuell Cell[\/et_pb_text][et_pb_text _builder_version=&#8221;3.25.3&#8243; header_font=&#8221;|700|||||||&#8221; header_text_color=&#8221;#ffffff&#8221; header_font_size=&#8221;50px&#8221; header_line_height=&#8221;1.1em&#8221; header_text_shadow_style=&#8221;preset3&#8243; header_text_shadow_color=&#8221;#3752ab&#8221; max_width=&#8221;546px&#8221; max_width_phone=&#8221;70%&#8221; max_width_last_edited=&#8221;on|desktop&#8221; custom_margin_tablet=&#8221;-12px||||false|false&#8221; custom_margin_phone=&#8221;-10px||||false|false&#8221; custom_margin_last_edited=&#8221;on|desktop&#8221; header_font_size_phone=&#8221;30px&#8221; header_font_size_last_edited=&#8221;on|desktop&#8221;]<\/p>\n<h1><span>Aerosols Filling Service<\/span><\/h1>\n<p>[\/et_pb_text][et_pb_button button_url=&#8221;\/en\/contact\/&#8221; button_text=&#8221;More&#8221; _builder_version=&#8221;3.25.3&#8243; custom_button=&#8221;on&#8221; button_text_size=&#8221;16px&#8221; button_text_color=&#8221;#ffffff&#8221; button_bg_color=&#8221;#3752ab&#8221; button_border_width=&#8221;0px&#8221; button_border_color=&#8221;#FEA700&#8243; button_border_radius=&#8221;0px&#8221; button_font=&#8221;||||||||&#8221; button_use_icon=&#8221;off&#8221; custom_margin=&#8221;28px||||false|false&#8221; custom_padding=&#8221;18px|48px|18px|48px|true|true&#8221; button_text_color__hover_enabled=&#8221;on&#8221; button_text_color__hover=&#8221;#ffffff&#8221; button_bg_color__hover_enabled=&#8221;on&#8221; button_bg_color__hover=&#8221;#e71a26&#8243; button_bg_enable_color__hover=&#8221;on&#8221; button_border_color__hover_enabled=&#8221;on&#8221; button_border_color__hover=&#8221;#0FB3D6&#8243; button_letter_spacing__hover_enabled=&#8221;on&#8221; button_letter_spacing__hover=&#8221;3px&#8221;][\/et_pb_button][\/et_pb_column][et_pb_column type=&#8221;1_2&#8243; _builder_version=&#8221;3.26.6&#8243;][\/et_pb_column][\/et_pb_row][\/et_pb_section][et_pb_section fb_built=&#8221;1&#8243; disabled_on=&#8221;off|off|on&#8221; _builder_version=&#8221;3.25.3&#8243; use_background_color_gradient=&#8221;on&#8221; background_color_gradient_start=&#8221;rgba(0,0,0,0)&#8221; background_color_gradient_end=&#8221;rgba(0,0,0,0.46)&#8221; background_color_gradient_overlays_image=&#8221;on&#8221; background_image=&#8221;https:\/\/gasprime.pl\/wp-content\/uploads\/2019\/12\/IMG_5682.jpg&#8221; border_color_bottom=&#8221;#0FB3D6&#8243; custom_padding=&#8221;9%||9%||true|false&#8221; bottom_divider_height=&#8221;38px&#8221; bottom_divider_repeat=&#8221;4x&#8221;][et_pb_row column_structure=&#8221;1_2,1_2&#8243; use_custom_gutter=&#8221;on&#8221; gutter_width=&#8221;2&#8243; custom_padding=&#8221;||81px|||&#8221; make_equal=&#8221;on&#8221; _builder_version=&#8221;3.26.6&#8243; width=&#8221;92%&#8221; width_tablet=&#8221;90%&#8221; width_phone=&#8221;90%&#8221; width_last_edited=&#8221;on|tablet&#8221; max_width=&#8221;1170px&#8221; max_width_tablet=&#8221;90%&#8221; max_width_phone=&#8221;90%&#8221; max_width_last_edited=&#8221;on|phone&#8221; animation_style=&#8221;slide&#8221; animation_direction=&#8221;left&#8221;][et_pb_column type=&#8221;1_2&#8243; _builder_version=&#8221;3.26.6&#8243;][et_pb_text _builder_version=&#8221;3.25.3&#8243; text_font=&#8221;|600||on|||||&#8221; text_text_color=&#8221;#ffffff&#8221; text_letter_spacing=&#8221;2px&#8221; text_line_height=&#8221;1.3em&#8221; text_text_shadow_style=&#8221;preset3&#8243; text_text_shadow_color=&#8221;#000000&#8243; header_font=&#8221;Titillium Web|700|||||||&#8221; header_text_color=&#8221;#0E1215&#8243; header_font_size=&#8221;50px&#8221; header_line_height=&#8221;1.1em&#8221; max_width=&#8221;546px&#8221;]GasPrime&nbsp;Fuell Cell[\/et_pb_text][et_pb_text _builder_version=&#8221;3.25.3&#8243; header_font=&#8221;|700|||||||&#8221; header_text_color=&#8221;#0E1215&#8243; header_font_size=&#8221;50px&#8221; header_line_height=&#8221;1.1em&#8221; header_text_shadow_style=&#8221;preset3&#8243; header_text_shadow_color=&#8221;#ffffff&#8221; max_width=&#8221;546px&#8221; max_width_phone=&#8221;70%&#8221; max_width_last_edited=&#8221;on|desktop&#8221; custom_margin_tablet=&#8221;-12px||||false|false&#8221; custom_margin_phone=&#8221;-10px||||false|false&#8221; custom_margin_last_edited=&#8221;on|desktop&#8221; header_font_size_phone=&#8221;30px&#8221; header_font_size_last_edited=&#8221;on|desktop&#8221;]<\/p>\n<h1><span>Aerosols Filling Service<\/span><\/h1>\n<p>[\/et_pb_text][et_pb_button button_url=&#8221;\/en\/contact\/&#8221; button_text=&#8221;More&#8221; _builder_version=&#8221;3.25.3&#8243; custom_button=&#8221;on&#8221; button_text_size=&#8221;16px&#8221; button_text_color=&#8221;#ffffff&#8221; button_bg_color=&#8221;#3752ab&#8221; button_border_width=&#8221;0px&#8221; button_border_color=&#8221;#FEA700&#8243; button_border_radius=&#8221;0px&#8221; button_font=&#8221;||||||||&#8221; button_use_icon=&#8221;off&#8221; custom_margin=&#8221;28px||||false|false&#8221; custom_padding=&#8221;18px|48px|18px|48px|true|true&#8221; button_text_color__hover_enabled=&#8221;on&#8221; button_text_color__hover=&#8221;#ffffff&#8221; button_bg_color__hover_enabled=&#8221;on&#8221; button_bg_color__hover=&#8221;#e71a26&#8243; button_bg_enable_color__hover=&#8221;on&#8221; button_border_color__hover_enabled=&#8221;on&#8221; button_border_color__hover=&#8221;#0FB3D6&#8243; button_letter_spacing__hover_enabled=&#8221;on&#8221; button_letter_spacing__hover=&#8221;3px&#8221;][\/et_pb_button][\/et_pb_column][et_pb_column type=&#8221;1_2&#8243; _builder_version=&#8221;3.26.6&#8243;][\/et_pb_column][\/et_pb_row][\/et_pb_section][et_pb_section fb_built=&#8221;1&#8243; _builder_version=&#8221;3.25.3&#8243; use_background_color_gradient=&#8221;on&#8221; background_color_gradient_start=&#8221;rgba(0,0,0,0)&#8221; background_color_gradient_end=&#8221;#ffffff&#8221; background_color_gradient_start_position=&#8221;50%&#8221; background_color_gradient_end_position=&#8221;0%&#8221; background_color_gradient_overlays_image=&#8221;on&#8221; background_image=&#8221;https:\/\/gasprime.pl\/wp-content\/uploads\/2019\/09\/handyman-bg-1.png&#8221; custom_padding=&#8221;25px||25px||true|&#8221;][et_pb_row use_custom_gutter=&#8221;on&#8221; gutter_width=&#8221;2&#8243; custom_padding=&#8221;||43px||false|false&#8221; make_equal=&#8221;on&#8221; _builder_version=&#8221;3.26.6&#8243; width=&#8221;92%&#8221; width_tablet=&#8221;90%&#8221; width_phone=&#8221;90%&#8221; width_last_edited=&#8221;on|tablet&#8221; max_width=&#8221;1170px&#8221; max_width_tablet=&#8221;90%&#8221; max_width_phone=&#8221;90%&#8221; max_width_last_edited=&#8221;on|phone&#8221;][et_pb_column type=&#8221;4_4&#8243; _builder_version=&#8221;3.26.6&#8243;][et_pb_text _builder_version=&#8221;3.25.3&#8243; text_font=&#8221;|600||on|||||&#8221; text_text_align=&#8221;center&#8221; text_text_color=&#8221;#3752ab&#8221; text_letter_spacing=&#8221;2px&#8221; text_line_height=&#8221;1.3em&#8221; header_font=&#8221;Titillium Web|700|||||||&#8221; header_text_color=&#8221;#0E1215&#8243; header_font_size=&#8221;50px&#8221; header_line_height=&#8221;1.1em&#8221;]GASPRIME[\/et_pb_text][et_pb_text _builder_version=&#8221;3.25.3&#8243; header_font=&#8221;Titillium Web|700|||||||&#8221; header_text_align=&#8221;center&#8221; header_text_color=&#8221;#0E1215&#8243; header_font_size=&#8221;40px&#8221; header_line_height=&#8221;1.1em&#8221; header_2_font=&#8221;||||||||&#8221; header_2_text_align=&#8221;center&#8221; header_2_font_size=&#8221;30px&#8221; custom_margin=&#8221;-3px||||false|false&#8221; custom_margin_tablet=&#8221;-12px||20px||false|false&#8221; custom_margin_phone=&#8221;-12px||20px||false|false&#8221; custom_margin_last_edited=&#8221;on|desktop&#8221; header_font_size_phone=&#8221;30px&#8221; header_font_size_last_edited=&#8221;on|desktop&#8221;]<\/p>\n<h2><span>Aerosols filling service for producers of<\/span><\/h2>\n<p>[\/et_pb_text][et_pb_text _builder_version=&#8221;3.25.3&#8243; text_font=&#8221;|300|||||||&#8221; text_text_align=&#8221;center&#8221; text_text_color=&#8221;#000000&#8243; text_font_size=&#8221;18px&#8221; text_line_height=&#8221;1.8em&#8221; max_width=&#8221;742px&#8221; module_alignment=&#8221;center&#8221; custom_margin=&#8221;-11px||||false|false&#8221; custom_padding=&#8221;0px||||false|false&#8221;]<\/p>\n<p><span> household chemicals, car care products, construction chemicals, self-defense repellents and more!<\/span><\/p>\n<p>[\/et_pb_text][\/et_pb_column][\/et_pb_row][et_pb_row column_structure=&#8221;1_2,1_2&#8243; use_custom_gutter=&#8221;on&#8221; gutter_width=&#8221;2&#8243; custom_padding=&#8221;8px|||||&#8221; make_equal=&#8221;on&#8221; _builder_version=&#8221;3.25.3&#8243; width=&#8221;92%&#8221; width_tablet=&#8221;90%&#8221; width_phone=&#8221;90%&#8221; width_last_edited=&#8221;on|tablet&#8221; max_width=&#8221;1170px&#8221; max_width_tablet=&#8221;90%&#8221; max_width_phone=&#8221;90%&#8221; max_width_last_edited=&#8221;on|phone&#8221;][et_pb_column type=&#8221;1_2&#8243; _builder_version=&#8221;3.25.3&#8243; background_color=&#8221;rgba(0,0,0,0)&#8221; transform_translate_linked__hover=&#8221;off&#8221; custom_padding=&#8221;||||false|false&#8221; link_option_url=&#8221;#&#8221; transform_styles__hover_enabled=&#8221;on&#8221; transform_scale__hover_enabled=&#8221;on&#8221; transform_translate__hover_enabled=&#8221;on&#8221; transform_rotate__hover_enabled=&#8221;on&#8221; transform_skew__hover_enabled=&#8221;on&#8221; transform_origin__hover_enabled=&#8221;on&#8221; transform_translate__hover=&#8221;0px|-10px&#8221;][et_pb_image src=&#8221;https:\/\/gasprime.pl\/wp-content\/uploads\/2019\/12\/a3.jpg&#8221; align=&#8221;center&#8221; _builder_version=&#8221;3.25.3&#8243; border_color_bottom=&#8221;#000000&#8243; box_shadow_style=&#8221;preset4&#8243; box_shadow_color=&#8221;rgba(35,31,32,0.35)&#8221; animation_style=&#8221;slide&#8221; animation_direction=&#8221;bottom&#8221; animation_duration=&#8221;1600ms&#8221;][\/et_pb_image][\/et_pb_column][et_pb_column type=&#8221;1_2&#8243; _builder_version=&#8221;3.25.3&#8243; background_color=&#8221;rgba(0,0,0,0)&#8221; transform_translate_linked__hover=&#8221;off&#8221; custom_padding=&#8221;||||false|false&#8221; link_option_url=&#8221;#&#8221; transform_styles__hover_enabled=&#8221;on&#8221; transform_scale__hover_enabled=&#8221;on&#8221; transform_translate__hover_enabled=&#8221;on&#8221; transform_rotate__hover_enabled=&#8221;on&#8221; transform_skew__hover_enabled=&#8221;on&#8221; transform_origin__hover_enabled=&#8221;on&#8221; transform_translate__hover=&#8221;0px|-10px&#8221;][et_pb_image src=&#8221;https:\/\/gasprime.pl\/wp-content\/uploads\/2019\/12\/DSC_9221.jpg&#8221; align=&#8221;center&#8221; _builder_version=&#8221;3.25.3&#8243; border_color_bottom=&#8221;#000000&#8243; box_shadow_style=&#8221;preset4&#8243; animation_style=&#8221;slide&#8221;][\/et_pb_image][\/et_pb_column][\/et_pb_row][\/et_pb_section][et_pb_section fb_built=&#8221;1&#8243; disabled_on=&#8221;on|on|on&#8221; _builder_version=&#8221;3.25.3&#8243; use_background_color_gradient=&#8221;on&#8221; background_color_gradient_start=&#8221;#ffffff&#8221; background_color_gradient_end=&#8221;rgba(41,196,169,0)&#8221; background_color_gradient_direction=&#8221;90deg&#8221; background_color_gradient_start_position=&#8221;50%&#8221; background_color_gradient_end_position=&#8221;0%&#8221; background_color_gradient_overlays_image=&#8221;on&#8221; background_image=&#8221;https:\/\/gasprime.pl\/wp-content\/uploads\/2019\/12\/DSC_9243.jpg&#8221; custom_padding=&#8221;90px||90px||true|false&#8221; disabled=&#8221;on&#8221;][et_pb_row column_structure=&#8221;1_2,1_2&#8243; use_custom_gutter=&#8221;on&#8221; gutter_width=&#8221;2&#8243; custom_padding=&#8221;||0px|||&#8221; custom_padding_tablet=&#8221;50px||50px||true|false&#8221; custom_padding_phone=&#8221;50px||50px||true|false&#8221; make_equal=&#8221;on&#8221; custom_padding_last_edited=&#8221;on|desktop&#8221; _builder_version=&#8221;3.26.6&#8243; width=&#8221;92%&#8221; width_tablet=&#8221;90%&#8221; width_phone=&#8221;90%&#8221; width_last_edited=&#8221;on|tablet&#8221; max_width=&#8221;1170px&#8221; max_width_tablet=&#8221;90%&#8221; max_width_phone=&#8221;90%&#8221; max_width_last_edited=&#8221;on|phone&#8221; background_color_tablet=&#8221;#EEF3F9&#8243; background_color_phone=&#8221;#EEF3F9&#8243; background_last_edited=&#8221;on|desktop&#8221; background_enable_color_tablet=&#8221;on&#8221; background_enable_color_phone=&#8221;on&#8221;][et_pb_column type=&#8221;1_2&#8243; _builder_version=&#8221;3.26.6&#8243; custom_padding=&#8221;|74px|||false|false&#8221;][et_pb_text module_id=&#8221;gasprime&#8221; _builder_version=&#8221;3.25.3&#8243; text_font=&#8221;|600||on|||||&#8221; text_text_align=&#8221;left&#8221; text_text_color=&#8221;#3752ab&#8221; text_letter_spacing=&#8221;2px&#8221; text_line_height=&#8221;1.3em&#8221; header_font=&#8221;Titillium Web|700|||||||&#8221; header_text_color=&#8221;#0E1215&#8243; header_font_size=&#8221;50px&#8221; header_line_height=&#8221;1.1em&#8221;]GasPrime Cz\u0119stochowa[\/et_pb_text][et_pb_text _builder_version=&#8221;3.25.3&#8243; header_font=&#8221;Titillium Web|700|||||||&#8221; header_text_align=&#8221;left&#8221; header_text_color=&#8221;#0E1215&#8243; header_font_size=&#8221;40px&#8221; header_line_height=&#8221;1.1em&#8221; header_2_font=&#8221;||||||||&#8221; header_2_font_size=&#8221;30px&#8221; custom_margin=&#8221;-3px||||false|false&#8221; custom_margin_tablet=&#8221;-12px||20px||false|false&#8221; custom_margin_phone=&#8221;-12px||||false|false&#8221; custom_margin_last_edited=&#8221;on|desktop&#8221; header_font_size_phone=&#8221;30px&#8221; header_font_size_last_edited=&#8221;on|desktop&#8221;]<\/p>\n<h2>Producent gazu technicznego do gwo\u017adziarek<\/h2>\n<p>[\/et_pb_text][et_pb_text _builder_version=&#8221;3.25.3&#8243; text_font=&#8221;|300|||||||&#8221; text_text_color=&#8221;#231f20&#8243; text_font_size=&#8221;18px&#8221; text_line_height=&#8221;1.8em&#8221; custom_margin_phone=&#8221;-12px||||false|false&#8221; custom_margin_last_edited=&#8221;on|desktop&#8221; custom_padding=&#8221;20px||47px||false|false&#8221;]Wk\u0142ady gazowe do gwo\u017adziarek firmy GasPrime pasuj\u0105 do r\u00f3\u017cnych rodzaj\u00f3w narz\u0119dzi (m.in.: TRUTEK, RAWL). Nasz produkt charakteryzuje si\u0119 doskona\u0142ymi w\u0142a\u015bciwo\u015bciami, kt\u00f3re zapewniaj\u0105 bezproblemow\u0105 prac\u0119 ka\u017cdego narz\u0119dzia, a dodatkowo je smaruj\u0105.<\/p>\n<p>Dzi\u0119ki gwo\u017adziarkom gazowym mo\u017cliwe jest szybkie i \u0142atwe:[\/et_pb_text][et_pb_blurb title=&#8221;\u0141acenie, deskowanie, szalunki,&#8221; use_icon=&#8221;on&#8221; font_icon=&#8221;%%45%%&#8221; icon_color=&#8221;#e71a26&#8243; icon_placement=&#8221;left&#8221; content_max_width=&#8221;100%&#8221; _builder_version=&#8221;3.25.3&#8243; header_font=&#8221;||||||||&#8221; header_text_color=&#8221;#231f20&#8243; header_font_size=&#8221;16px&#8221; header_line_height=&#8221;1.4em&#8221; custom_margin=&#8221;-13px||||false|false&#8221; animation=&#8221;off&#8221;][\/et_pb_blurb][et_pb_blurb title=&#8221;Monta\u017c dom\u00f3w szkieletowych,&#8221; use_icon=&#8221;on&#8221; font_icon=&#8221;%%45%%&#8221; icon_color=&#8221;#e71a26&#8243; icon_placement=&#8221;left&#8221; content_max_width=&#8221;100%&#8221; _builder_version=&#8221;3.25.3&#8243; header_font=&#8221;||||||||&#8221; header_text_color=&#8221;#231f20&#8243; header_font_size=&#8221;16px&#8221; header_line_height=&#8221;1.4em&#8221; custom_margin=&#8221;-13px||||false|false&#8221; animation=&#8221;off&#8221;][\/et_pb_blurb][et_pb_blurb title=&#8221;Monta\u017c wi\u0119\u017aby dachowej i blachodach\u00f3wki,&#8221; use_icon=&#8221;on&#8221; font_icon=&#8221;%%45%%&#8221; icon_color=&#8221;#e71a26&#8243; icon_placement=&#8221;left&#8221; content_max_width=&#8221;100%&#8221; _builder_version=&#8221;3.25.3&#8243; header_font=&#8221;||||||||&#8221; header_text_color=&#8221;#231f20&#8243; header_font_size=&#8221;16px&#8221; header_line_height=&#8221;1.4em&#8221; custom_margin=&#8221;-13px||||false|false&#8221; animation=&#8221;off&#8221;][\/et_pb_blurb][et_pb_blurb title=&#8221;Monta\u017c p\u0142yt OSB i pod\u0142\u00f3g na legarach.&#8221; use_icon=&#8221;on&#8221; font_icon=&#8221;%%45%%&#8221; icon_color=&#8221;#e71a26&#8243; icon_placement=&#8221;left&#8221; content_max_width=&#8221;100%&#8221; _builder_version=&#8221;3.25.3&#8243; header_font=&#8221;||||||||&#8221; header_text_color=&#8221;#231f20&#8243; header_font_size=&#8221;16px&#8221; header_line_height=&#8221;1.4em&#8221; custom_margin=&#8221;-13px||||false|false&#8221; animation=&#8221;off&#8221;][\/et_pb_blurb][\/et_pb_column][et_pb_column type=&#8221;1_2&#8243; _builder_version=&#8221;3.26.6&#8243;][\/et_pb_column][\/et_pb_row][et_pb_row column_structure=&#8221;1_2,1_2&#8243; use_custom_gutter=&#8221;on&#8221; gutter_width=&#8221;2&#8243; custom_padding=&#8221;0px|||||&#8221; make_equal=&#8221;on&#8221; _builder_version=&#8221;3.26.6&#8243; width=&#8221;92%&#8221; width_tablet=&#8221;90%&#8221; width_phone=&#8221;90%&#8221; width_last_edited=&#8221;on|tablet&#8221; max_width=&#8221;1170px&#8221; max_width_tablet=&#8221;90%&#8221; max_width_phone=&#8221;90%&#8221; max_width_last_edited=&#8221;on|phone&#8221;][et_pb_column type=&#8221;1_2&#8243; _builder_version=&#8221;3.26.6&#8243; custom_padding=&#8221;|74px|||false|false&#8221;][\/et_pb_column][et_pb_column type=&#8221;1_2&#8243; _builder_version=&#8221;3.26.6&#8243;][et_pb_blurb title=&#8221;Zadzwo\u0144 do nas!&#8221; image=&#8221;https:\/\/gasprime.pl\/wp-content\/uploads\/2019\/09\/Handyman10-4.png&#8221; icon_placement=&#8221;left&#8221; image_max_width=&#8221;112px&#8221; content_max_width=&#8221;100%&#8221; image_max_width_phone=&#8221;50px&#8221; image_max_width_last_edited=&#8221;on|desktop&#8221; _builder_version=&#8221;3.25.3&#8243; header_font=&#8221;||||||||&#8221; header_text_color=&#8221;#ffffff&#8221; header_font_size=&#8221;20px&#8221; header_line_height=&#8221;1.4em&#8221; body_font=&#8221;|700|||||||&#8221; body_text_color=&#8221;#ffffff&#8221; body_font_size=&#8221;35px&#8221; body_line_height=&#8221;0.7em&#8221; use_background_color_gradient=&#8221;on&#8221; background_color_gradient_start=&#8221;#3752ab&#8221; background_color_gradient_end=&#8221;#231f20&#8243; background_color_gradient_direction=&#8221;90deg&#8221; background_color_gradient_start_position=&#8221;31%&#8221; background_color_gradient_end_position=&#8221;0%&#8221; border_width_right_image=&#8221;45px&#8221; border_color_right_image=&#8221;rgba(0,0,0,0)&#8221; transform_translate_linked__hover=&#8221;off&#8221; max_width=&#8221;447px&#8221; custom_margin=&#8221;-149px|0px||-53px|false|false&#8221; custom_margin_tablet=&#8221;0px|||0px|false|false&#8221; custom_margin_phone=&#8221;0px|||0px|false|false&#8221; custom_margin_last_edited=&#8221;on|desktop&#8221; custom_padding=&#8221;37px|3px|40px|35px|false|false&#8221; animation_style=&#8221;slide&#8221; animation_direction=&#8221;right&#8221; animation_duration=&#8221;1400ms&#8221; animation_delay=&#8221;500ms&#8221; animation=&#8221;off&#8221; link_option_url=&#8221;#&#8221; header_font_size_phone=&#8221;16px&#8221; header_font_size_last_edited=&#8221;on|desktop&#8221; body_font_size_phone=&#8221;25px&#8221; body_font_size_last_edited=&#8221;on|desktop&#8221; background_last_edited=&#8221;on|phone&#8221; background_color_gradient_start_phone=&#8221;#FEA700&#8243; border_width_right_image_phone=&#8221;6px&#8221; border_width_right_image_last_edited=&#8221;on|desktop&#8221; transform_styles__hover_enabled=&#8221;on&#8221; transform_scale__hover_enabled=&#8221;on&#8221; transform_translate__hover_enabled=&#8221;on&#8221; transform_rotate__hover_enabled=&#8221;on&#8221; transform_skew__hover_enabled=&#8221;on&#8221; transform_origin__hover_enabled=&#8221;on&#8221; transform_translate__hover=&#8221;-10px|0px&#8221;]<a href=\"tel:++48532744113\">+48 532 744 113<\/a>[\/et_pb_blurb][\/et_pb_column][\/et_pb_row][\/et_pb_section][et_pb_section fb_built=&#8221;1&#8243; _builder_version=&#8221;3.25.3&#8243;][et_pb_row custom_padding=&#8221;|0px||||&#8221; _builder_version=&#8221;3.25.3&#8243;][et_pb_column type=&#8221;4_4&#8243; _builder_version=&#8221;3.25.3&#8243;][et_pb_image src=&#8221;https:\/\/gasprime.pl\/wp-content\/uploads\/2019\/10\/DSC_5386.jpg&#8221; _builder_version=&#8221;3.25.3&#8243; border_radii=&#8221;on|60px|60px|60px|60px&#8221; animation_style=&#8221;slide&#8221; animation_direction=&#8221;left&#8221; animation_duration=&#8221;1600ms&#8221;][\/et_pb_image][et_pb_gallery gallery_ids=&#8221;20834,20840,20852,20837&#8243; show_title_and_caption=&#8221;off&#8221; show_pagination=&#8221;off&#8221; _builder_version=&#8221;3.25.3&#8243;][\/et_pb_gallery][\/et_pb_column][\/et_pb_row][\/et_pb_section]<\/p>\n","protected":false},"excerpt":{"rendered":"<p>[et_pb_section fb_built=&#8221;1&#8243; disabled_on=&#8221;on|on|off&#8221; _builder_version=&#8221;3.25.3&#8243; use_background_color_gradient=&#8221;on&#8221; background_color_gradient_start=&#8221;rgba(0,0,0,0)&#8221; background_color_gradient_end=&#8221;rgba(0,0,0,0.46)&#8221; background_color_gradient_overlays_image=&#8221;on&#8221; background_position=&#8221;top_center&#8221; background_video_mp4=&#8221;https:\/\/gasprime.pl\/wp-content\/uploads\/2019\/12\/Sequence-1_Trim.mp4&#8243; border_color_bottom=&#8221;#0FB3D6&#8243; min_height=&#8221;823px&#8221; custom_padding=&#8221;8.3%||3%||false|false&#8221; bottom_divider_height=&#8221;27px&#8221;][et_pb_row column_structure=&#8221;1_2,1_2&#8243; use_custom_gutter=&#8221;on&#8221; gutter_width=&#8221;2&#8243; custom_padding=&#8221;||81px|||&#8221; make_equal=&#8221;on&#8221; _builder_version=&#8221;3.25.3&#8243; width=&#8221;92%&#8221; width_tablet=&#8221;90%&#8221; width_phone=&#8221;90%&#8221; width_last_edited=&#8221;on|tablet&#8221; max_width=&#8221;1170px&#8221; max_width_tablet=&#8221;90%&#8221; max_width_phone=&#8221;90%&#8221; max_width_last_edited=&#8221;on|phone&#8221; animation_style=&#8221;slide&#8221; animation_direction=&#8221;left&#8221;][et_pb_column type=&#8221;1_2&#8243; _builder_version=&#8221;3.26.6&#8243;][et_pb_text _builder_version=&#8221;3.25.3&#8243; text_font=&#8221;|600||on|||||&#8221; text_text_color=&#8221;#ffffff&#8221; text_font_size=&#8221;20px&#8221; text_letter_spacing=&#8221;2px&#8221; text_line_height=&#8221;1.3em&#8221; text_text_shadow_style=&#8221;preset3&#8243; text_text_shadow_color=&#8221;#000000&#8243; header_font=&#8221;Titillium Web|700|||||||&#8221; header_text_color=&#8221;#0E1215&#8243; header_font_size=&#8221;50px&#8221; header_line_height=&#8221;1.1em&#8221; max_width=&#8221;546px&#8221;]GasPrime&nbsp;Fuell Cell[\/et_pb_text][et_pb_text _builder_version=&#8221;3.25.3&#8243; header_font=&#8221;|700|||||||&#8221; header_text_color=&#8221;#ffffff&#8221; header_font_size=&#8221;50px&#8221; header_line_height=&#8221;1.1em&#8221; header_text_shadow_style=&#8221;preset3&#8243; header_text_shadow_color=&#8221;#3752ab&#8221; max_width=&#8221;546px&#8221; [&hellip;]<\/p>\n","protected":false},"author":1,"featured_media":0,"parent":0,"menu_order":0,"comment_status":"closed","ping_status":"closed","template":"","meta":{"_et_pb_use_builder":"on","_et_pb_old_content":"","_et_gb_content_width":""},"_links":{"self":[{"href":"https:\/\/gasprime.pl\/en\/wp-json\/wp\/v2\/pages\/24812"}],"collection":[{"href":"https:\/\/gasprime.pl\/en\/wp-json\/wp\/v2\/pages"}],"about":[{"href":"https:\/\/gasprime.pl\/en\/wp-json\/wp\/v2\/types\/page"}],"author":[{"embeddable":true,"href":"https:\/\/gasprime.pl\/en\/wp-json\/wp\/v2\/users\/1"}],"replies":[{"embeddable":true,"href":"https:\/\/gasprime.pl\/en\/wp-json\/wp\/v2\/comments?post=24812"}],"version-history":[{"count":5,"href":"https:\/\/gasprime.pl\/en\/wp-json\/wp\/v2\/pages\/24812\/revisions"}],"predecessor-version":[{"id":24869,"href":"https:\/\/gasprime.pl\/en\/wp-json\/wp\/v2\/pages\/24812\/revisions\/24869"}],"wp:attachment":[{"href":"https:\/\/gasprime.pl\/en\/wp-json\/wp\/v2\/media?parent=24812"}],"curies":[{"name":"wp","href":"https:\/\/api.w.org\/{rel}","templated":true}]}}